{"id":14,"date":"2013-02-28T19:57:19","date_gmt":"2013-02-28T19:57:19","guid":{"rendered":"http:\/\/www.adrovi.org\/web\/?page_id=14"},"modified":"2013-02-28T19:57:19","modified_gmt":"2013-02-28T19:57:19","slug":"bienvenida","status":"publish","type":"page","link":"https:\/\/www.adrovi.org\/web\/bienvenida\/","title":{"rendered":"Bienvenida"},"content":{"rendered":"<p><a href=\"https:\/\/www.adrovi.org\/web\/wp-content\/uploads\/2013\/02\/presi1.jpg\"><img loading=\"lazy\" decoding=\"async\" class=\"alignleft size-full wp-image-15\" style=\"margin: 15px;\" title=\"presi\" src=\"https:\/\/www.adrovi.org\/web\/wp-content\/uploads\/2013\/02\/presi1.jpg\" alt=\"\" width=\"150\" height=\"198\" \/><\/a>Como es bien conocido, los transplantes de \u00f3rganos representan en la actualidad una magnifica alternativa terap\u00e9utica para miles de enfermos cada a\u00f1o, y para muchos de ellos incluso es la \u00fanica posibilidad de seguir con vida, pero siempre est\u00e1 condicionada por la disponibilidad del n\u00famero suficiente de donantes, que, en la actualidad representan un bien limitado, surgiendo de ah\u00ed la necesidad de la promoci\u00f3n continua.<\/p>\n<p>En este sentido, aunque vivimos en uno de los pa\u00edses m\u00e1s solidarios del mundo, no podemos olvidar que a\u00f1o tras a\u00f1o, se \u201cpierden\u201d en nuestra comunidad Aut\u00f3noma una singular cifra de posibles donantes por falta del consentimiento familiar a la donaci\u00f3n y, como cada donante genera una media de 5 \u00f3rganos, esto representa que se podr\u00eda haber beneficiado m\u00e1s de un centenar de personas en caso de no existir la citada negativa.<\/p>\n<p>Por todo ello, es preciso incidir en la informaci\u00f3n lo m\u00e1s clara y directa posible a toda la poblaci\u00f3n, para que tome conciencia de la necesidad de las donaciones.<\/p>\n<p>Celso Garc\u00eda Est\u00e9vez.<\/p>\n<p>Presidente de la Asociaci\u00f3n de Receptores y Donantes de \u00d3rganos de Vigo \u2013ADROVI-<\/p>\n","protected":false},"excerpt":{"rendered":"<p>Como es bien conocido, los transplantes de \u00f3rganos representan en la actualidad una magnifica alternativa terap\u00e9utica para miles de enfermos cada a\u00f1o, y para muchos de ellos incluso es la \u00fanica posibilidad de seguir con vida, pero siempre est\u00e1 condicionada &hellip; <a href=\"https:\/\/www.adrovi.org\/web\/bienvenida\/\">Sigue leyendo <span class=\"meta-nav\">&rarr;<\/span><\/a><\/p>\n","protected":false},"author":1,"featured_media":0,"parent":0,"menu_order":0,"comment_status":"open","ping_status":"open","template":"","meta":{"footnotes":""},"class_list":["post-14","page","type-page","status-publish","hentry"],"_links":{"self":[{"href":"https:\/\/www.adrovi.org\/web\/wp-json\/wp\/v2\/pages\/14","targetHints":{"allow":["GET"]}}],"collection":[{"href":"https:\/\/www.adrovi.org\/web\/wp-json\/wp\/v2\/pages"}],"about":[{"href":"https:\/\/www.adrovi.org\/web\/wp-json\/wp\/v2\/types\/page"}],"author":[{"embeddable":true,"href":"https:\/\/www.adrovi.org\/web\/wp-json\/wp\/v2\/users\/1"}],"replies":[{"embeddable":true,"href":"https:\/\/www.adrovi.org\/web\/wp-json\/wp\/v2\/comments?post=14"}],"version-history":[{"count":2,"href":"https:\/\/www.adrovi.org\/web\/wp-json\/wp\/v2\/pages\/14\/revisions"}],"predecessor-version":[{"id":3132,"href":"https:\/\/www.adrovi.org\/web\/wp-json\/wp\/v2\/pages\/14\/revisions\/3132"}],"wp:attachment":[{"href":"https:\/\/www.adrovi.org\/web\/wp-json\/wp\/v2\/media?parent=14"}],"curies":[{"name":"wp","href":"https:\/\/api.w.org\/{rel}","templated":true}]}}